{"id":1367,"date":"2022-04-30T19:39:58","date_gmt":"2022-04-30T22:39:58","guid":{"rendered":"https:\/\/escolaomega.net\/novosite\/?page_id=1367"},"modified":"2024-09-15T08:28:18","modified_gmt":"2024-09-15T11:28:18","slug":"curso-especializacao-em-urgencia-emergencia-e-cti","status":"publish","type":"page","link":"https:\/\/escolaomega.net\/novosite\/curso-especializacao-em-urgencia-emergencia-e-cti\/","title":{"rendered":"Curso Especializa\u00e7\u00e3o em Urg\u00eancia, Emerg\u00eancia e CTI"},"content":{"rendered":"<div class=\"wp-block-image\">\n<figure class=\"aligncenter size-full\"><img loading=\"lazy\" decoding=\"async\" width=\"614\" height=\"531\" src=\"https:\/\/escolaomega.net\/novosite\/wp-content\/uploads\/2024\/01\/bannerugenciamaio2024.jpg\" alt=\"\" class=\"wp-image-1848\" srcset=\"https:\/\/escolaomega.net\/novosite\/wp-content\/uploads\/2024\/01\/bannerugenciamaio2024.jpg 614w, https:\/\/escolaomega.net\/novosite\/wp-content\/uploads\/2024\/01\/bannerugenciamaio2024-300x259.jpg 300w\" sizes=\"auto, (max-width: 614px) 100vw, 614px\" \/><\/figure>\n<\/div>\n\n\n<hr class=\"wp-block-separator has-alpha-channel-opacity\"\/>\n\n\n\n<h3 class=\"wp-block-heading has-text-align-center\">CURSO ESPECIALIZA\u00c7\u00c3O EM URG\u00caNCIA, EMERG\u00caNCIA E CTI<\/h3>\n\n\n\n<hr class=\"wp-block-separator has-css-opacity\"\/>\n\n\n\n<blockquote class=\"wp-block-quote is-layout-flow wp-block-quote-is-layout-flow\">\n<p><strong>CURSO ESPECIALIZA\u00c7\u00c3O EM URG\u00caNCIA, EMERG\u00caNCIA E CTI<\/strong><\/p>\n\n\n\n<p>VALOR: 1 + 3 de R$ 200,00 (Boleto ou Cart\u00e3o de Cr\u00e9dito)<\/p>\n\n\n\n<p>TOTAL: R$ 800,00<\/p>\n\n\n\n<p>DURA\u00c7\u00c3O: 4 meses<\/p>\n\n\n\n<p>NOVAS TURMAS: 19\/10\/2024<\/p>\n\n\n\n<p>HOR\u00c1RIO: S\u00c1BADO<\/p>\n\n\n\n<p><\/p>\n\n\n\n<p>CARGA HOR\u00c1RIA: 360 horas <\/p>\n\n\n\n<p><\/p>\n\n\n\n<p>AS VISITA(S) T\u00c9CNICA(S) ou EST\u00c1GIO(S) s\u00e3o atividades presenciais !<\/p>\n\n\n\n<p>CERTIFICADO NO FINAL DO CURSO<\/p>\n\n\n\n<p>Informa\u00e7\u00f5es:<br>(83) 98812-2460 (Whatsapp)<\/p>\n\n\n\n<p>(83) 98868-1960 (Whatsapp)<\/p>\n<\/blockquote>\n\n\n<div class=\"wp-block-image\">\n<figure class=\"aligncenter size-full is-resized\"><img loading=\"lazy\" decoding=\"async\" width=\"1000\" height=\"564\" src=\"https:\/\/escolaomega.net\/novosite\/wp-content\/uploads\/2023\/06\/especializacao-urgencia-emergencia-cti.jpg\" alt=\"\" class=\"wp-image-1799\" style=\"width:520px;height:292px\" srcset=\"https:\/\/escolaomega.net\/novosite\/wp-content\/uploads\/2023\/06\/especializacao-urgencia-emergencia-cti.jpg 1000w, https:\/\/escolaomega.net\/novosite\/wp-content\/uploads\/2023\/06\/especializacao-urgencia-emergencia-cti-300x169.jpg 300w, https:\/\/escolaomega.net\/novosite\/wp-content\/uploads\/2023\/06\/especializacao-urgencia-emergencia-cti-768x433.jpg 768w\" sizes=\"auto, (max-width: 1000px) 100vw, 1000px\" \/><\/figure>\n<\/div>\n\n\n<hr class=\"wp-block-separator has-css-opacity\"\/>\n\n\n\n<h2 class=\"wp-block-heading has-text-align-center\">Sobre o Curso:<\/h2>\n\n\n\n<p>O Curso de Especializa\u00e7\u00e3o em Urg\u00eancia, Emerg\u00eancia e CTI tem como objetivo capacitar e qualificar profissionais T\u00e9cnicos de Enfermagem nas \u00e1reas de Urg\u00eancia, emerg\u00eancia e CTI; e oferecer conhecimento espec\u00edfico na \u00e1rea para atender o paciente de forma hol\u00edstica, respeitando suas necessidades e individualidade. Os profissionais ser\u00e3o treinados para realizar atendimento pr\u00e9-hospitalar e intra-hospitalar aos pacientes com quadros graves de natureza cl\u00ednica, traum\u00e1tica e psiqui\u00e1trica.<\/p>\n\n\n\n<p>A Especializa\u00e7\u00e3o tem dura\u00e7\u00e3o de 04 meses com carga hor\u00e1ria de 360 h. <\/p>\n\n\n\n<p><\/p>\n\n\n\n<p>As visita(s) t\u00e9cnica(s) ou est\u00e1gio(s) supervisionado(s) s\u00e3o atividades presenciais.<\/p>\n\n\n<div class=\"wp-block-image\">\n<figure class=\"aligncenter size-full is-resized\"><img loading=\"lazy\" decoding=\"async\" width=\"330\" height=\"153\" src=\"https:\/\/escolaomega.net\/novosite\/wp-content\/uploads\/2022\/04\/image.jpeg\" alt=\"\" class=\"wp-image-1369\" style=\"width:413px;height:191px\" srcset=\"https:\/\/escolaomega.net\/novosite\/wp-content\/uploads\/2022\/04\/image.jpeg 330w, https:\/\/escolaomega.net\/novosite\/wp-content\/uploads\/2022\/04\/image-300x139.jpeg 300w\" sizes=\"auto, (max-width: 330px) 100vw, 330px\" \/><\/figure>\n<\/div>\n\n<div class=\"wp-block-image\">\n<figure class=\"aligncenter size-large is-resized\"><img loading=\"lazy\" decoding=\"async\" width=\"286\" height=\"250\" src=\"https:\/\/escolaomega.net\/novosite\/wp-content\/uploads\/2021\/01\/1531767796_metodologia-trabajo.png\" alt=\"\" class=\"wp-image-874\" style=\"width:179px;height:156px\"\/><\/figure>\n<\/div>\n\n\n<h2 class=\"wp-block-heading has-text-align-center\">Conte\u00fado Program\u00e1tico:<\/h2>\n\n\n\n<h5 class=\"wp-block-heading\"><\/h5>\n\n\n\n<p>1) Diretrizes pol\u00edticas e Legisla\u00e7\u00e3o do exerc\u00edcio profissional;<\/p>\n\n\n\n<p>2) Psicologia e \u00c9tica aplicada ao atendimento emergencial;<\/p>\n\n\n\n<p>3) Biosseguran\u00e7a;<\/p>\n\n\n\n<p>4) Urg\u00eancia e Emerg\u00eancia hospitalar;<\/p>\n\n\n\n<p>5) Humaniza\u00e7\u00e3o no atendimento emergencial;<\/p>\n\n\n\n<p>6) Dire\u00e7\u00e3o defensiva e defesa pessoal;<\/p>\n\n\n\n<p>7) Bioestat\u00edstica e epidemiologia aplicada a emerg\u00eancia;<\/p>\n\n\n\n<p>8) Organiza\u00e7\u00e3o de servi\u00e7os de emerg\u00eancia pr\u00e9-hospitalar;<\/p>\n\n\n\n<p>9) Urg\u00eancia e emerg\u00eancia pr\u00e9-hospitalar;<\/p>\n\n\n\n<p>10) No\u00e7\u00f5es de combate \u00e0 inc\u00eandio.<\/p>\n\n\n\n<p>Visita(s) T\u00e9cnica(s) ou Est\u00e1gios s\u00e3o atividades presenciais.<\/p>\n\n\n\n<h4 class=\"wp-block-heading has-text-align-center\">P\u00fablico alvo: T\u00e9cnicos em Enfermagem.<\/h4>\n\n\n\n<hr class=\"wp-block-separator has-css-opacity\"\/>\n\n\n<div class=\"wp-block-image\">\n<figure class=\"aligncenter size-large is-resized\"><img loading=\"lazy\" decoding=\"async\" width=\"900\" height=\"506\" src=\"https:\/\/escolaomega.net\/novosite\/wp-content\/uploads\/2021\/01\/e679121e74f5c480ee6aee843110d72c.jpg\" alt=\"\" class=\"wp-image-900\" style=\"width:532px;height:299px\" srcset=\"https:\/\/escolaomega.net\/novosite\/wp-content\/uploads\/2021\/01\/e679121e74f5c480ee6aee843110d72c.jpg 900w, https:\/\/escolaomega.net\/novosite\/wp-content\/uploads\/2021\/01\/e679121e74f5c480ee6aee843110d72c-300x169.jpg 300w, https:\/\/escolaomega.net\/novosite\/wp-content\/uploads\/2021\/01\/e679121e74f5c480ee6aee843110d72c-768x432.jpg 768w\" sizes=\"auto, (max-width: 900px) 100vw, 900px\" \/><\/figure>\n<\/div>\n\n\n<hr class=\"wp-block-separator has-css-opacity\"\/>\n\n\n\n<h4 class=\"wp-block-heading has-text-align-center\">Matr\u00edculas Abertas !<\/h4>\n\n\n<div class=\"wp-block-image\">\n<figure class=\"aligncenter size-large is-resized\"><a href=\"https:\/\/www.asaas.com\/c\/546883258519\" target=\"_blank\" rel=\"noopener\"><img loading=\"lazy\" decoding=\"async\" width=\"1024\" height=\"538\" src=\"https:\/\/escolaomega.net\/novosite\/wp-content\/uploads\/2021\/06\/boleto-bancario-1024x538.png\" alt=\"\" class=\"wp-image-1112\" style=\"width:421px;height:221px\" srcset=\"https:\/\/escolaomega.net\/novosite\/wp-content\/uploads\/2021\/06\/boleto-bancario-1024x538.png 1024w, https:\/\/escolaomega.net\/novosite\/wp-content\/uploads\/2021\/06\/boleto-bancario-300x158.png 300w, https:\/\/escolaomega.net\/novosite\/wp-content\/uploads\/2021\/06\/boleto-bancario-768x403.png 768w, https:\/\/escolaomega.net\/novosite\/wp-content\/uploads\/2021\/06\/boleto-bancario.png 1200w\" sizes=\"auto, (max-width: 1024px) 100vw, 1024px\" \/><\/a><\/figure>\n<\/div>\n\n\n<h5 class=\"wp-block-heading has-text-align-center\"><a href=\"https:\/\/www.asaas.com\/c\/546883258519\" target=\"_blank\" rel=\"noreferrer noopener\">Clique aqui para imprimir o Boleto da Matr\u00edcula !<\/a><\/h5>\n\n\n\n<p><\/p>\n","protected":false},"excerpt":{"rendered":"<p>CURSO ESPECIALIZA\u00c7\u00c3O EM URG\u00caNCIA, EMERG\u00caNCIA E CTI CURSO ESPECIALIZA\u00c7\u00c3O EM URG\u00caNCIA, EMERG\u00caNCIA E CTI VALOR: 1 + 3 de R$ 200,00 (Boleto ou Cart\u00e3o de Cr\u00e9dito) TOTAL: R$ 800,00 DURA\u00c7\u00c3O: 4 meses NOVAS TURMAS: 19\/10\/2024 HOR\u00c1RIO: S\u00c1BADO CARGA HOR\u00c1RIA: 360 horas AS VISITA(S) T\u00c9CNICA(S) ou EST\u00c1GIO(S) s\u00e3o atividades presenciais ! CERTIFICADO NO FINAL DO CURSO [&hellip;]<\/p>\n","protected":false},"author":1,"featured_media":991,"parent":0,"menu_order":0,"comment_status":"closed","ping_status":"closed","template":"template\/template-page-full-width.php","meta":{"footnotes":""},"class_list":["post-1367","page","type-page","status-publish","has-post-thumbnail","hentry"],"_links":{"self":[{"href":"https:\/\/escolaomega.net\/novosite\/wp-json\/wp\/v2\/pages\/1367","targetHints":{"allow":["GET"]}}],"collection":[{"href":"https:\/\/escolaomega.net\/novosite\/wp-json\/wp\/v2\/pages"}],"about":[{"href":"https:\/\/escolaomega.net\/novosite\/wp-json\/wp\/v2\/types\/page"}],"author":[{"embeddable":true,"href":"https:\/\/escolaomega.net\/novosite\/wp-json\/wp\/v2\/users\/1"}],"replies":[{"embeddable":true,"href":"https:\/\/escolaomega.net\/novosite\/wp-json\/wp\/v2\/comments?post=1367"}],"version-history":[{"count":20,"href":"https:\/\/escolaomega.net\/novosite\/wp-json\/wp\/v2\/pages\/1367\/revisions"}],"predecessor-version":[{"id":1928,"href":"https:\/\/escolaomega.net\/novosite\/wp-json\/wp\/v2\/pages\/1367\/revisions\/1928"}],"wp:featuredmedia":[{"embeddable":true,"href":"https:\/\/escolaomega.net\/novosite\/wp-json\/wp\/v2\/media\/991"}],"wp:attachment":[{"href":"https:\/\/escolaomega.net\/novosite\/wp-json\/wp\/v2\/media?parent=1367"}],"curies":[{"name":"wp","href":"https:\/\/api.w.org\/{rel}","templated":true}]}}