{"id":1527,"date":"2022-08-18T17:34:36","date_gmt":"2022-08-18T20:34:36","guid":{"rendered":"https:\/\/escolaomega.net\/novosite\/?page_id=1527"},"modified":"2025-07-01T18:55:23","modified_gmt":"2025-07-01T21:55:23","slug":"curso-especializacao-em-enfermagem-do-trabalho","status":"publish","type":"page","link":"https:\/\/escolaomega.net\/novosite\/curso-especializacao-em-enfermagem-do-trabalho\/","title":{"rendered":"Curso Especializa\u00e7\u00e3o em Enfermagem do Trabalho"},"content":{"rendered":"\n<h3 class=\"wp-block-heading has-text-align-center\">CURSO ESPECIALIZA\u00c7\u00c3O EM ENFERMAGEM DO TRABALHO<\/h3>\n\n\n\n<figure class=\"wp-block-image size-full\"><img loading=\"lazy\" decoding=\"async\" width=\"890\" height=\"276\" src=\"https:\/\/escolaomega.net\/novosite\/wp-content\/uploads\/2022\/08\/enferdotrabalho.jpg\" alt=\"\" class=\"wp-image-1540\" srcset=\"https:\/\/escolaomega.net\/novosite\/wp-content\/uploads\/2022\/08\/enferdotrabalho.jpg 890w, https:\/\/escolaomega.net\/novosite\/wp-content\/uploads\/2022\/08\/enferdotrabalho-300x93.jpg 300w, https:\/\/escolaomega.net\/novosite\/wp-content\/uploads\/2022\/08\/enferdotrabalho-768x238.jpg 768w\" sizes=\"auto, (max-width: 890px) 100vw, 890px\" \/><\/figure>\n\n\n\n<hr class=\"wp-block-separator has-css-opacity\"\/>\n\n\n\n<blockquote class=\"wp-block-quote is-layout-flow wp-block-quote-is-layout-flow\">\n<p><strong>CURSO ESPECIALIZA\u00c7\u00c3O EM ENFERMAGEM DO TRABALHO<\/strong><\/p>\n\n\n\n<p>VALOR: 1 + 3 de R$ 180,00 (Boleto ou Cart\u00e3o de Cr\u00e9dito)<\/p>\n\n\n\n<p>TOTAL: R$ 720,00<\/p>\n\n\n\n<p>DURA\u00c7\u00c3O: 4 meses<\/p>\n\n\n\n<p>NOVAS TURMAS: 19\/07\/2025<\/p>\n\n\n\n<p>HOR\u00c1RIO: S\u00c1BADO &#8211; TARDE (14:00 \u00e0s 16:30)<\/p>\n\n\n\n<p>PRESENCIAL !<\/p>\n\n\n\n<p>CARGA HOR\u00c1RIA: 380 horas <\/p>\n\n\n\n<p><\/p>\n\n\n\n<p>AS VISITA(S) T\u00c9CNICA(S) ou EST\u00c1GIO(S) s\u00e3o atividades presenciais !<\/p>\n\n\n\n<p><\/p>\n\n\n\n<p>CERTIFICADO NO FINAL DO CURSO<\/p>\n\n\n\n<p>Informa\u00e7\u00f5es:<br>(83) 98868-1960 (Whatsapp)<\/p>\n\n\n\n<p><\/p>\n<\/blockquote>\n\n\n<div class=\"wp-block-image\">\n<figure class=\"aligncenter size-full\"><img loading=\"lazy\" decoding=\"async\" width=\"282\" height=\"178\" src=\"https:\/\/escolaomega.net\/novosite\/wp-content\/uploads\/2022\/08\/enferdotrabalho2.jpg\" alt=\"\" class=\"wp-image-1543\"\/><\/figure>\n<\/div>\n\n\n<hr class=\"wp-block-separator has-css-opacity\"\/>\n\n\n\n<h2 class=\"wp-block-heading has-text-align-center\">Sobre o Curso:<\/h2>\n\n\n\n<p class=\"has-text-align-left\">O Curso de Especializa\u00e7\u00e3o em Enfermagem do Trabalho tem como objetivo capacitar e qualificar profissionais T\u00e9cnicos de Enfermagem para exercer suas atividades&nbsp;nas Empresas, visando um atendimento de qualidade atrav\u00e9s da Medicina do Trabalho. O Curso prop\u00f5e oferecer conhecimento espec\u00edfico das diferentes disciplinas, com \u00eanfase na vis\u00e3o cr\u00edtica e hol\u00edstica do indiv\u00edduo enquanto trabalhador. A proposta pedag\u00f3gica visa transmitir aos discentes um ensinamento profissional na \u00e1rea de Enfermagem do Trabalho, aperfei\u00e7oando-os para que tenham&nbsp;acesso ao mercado de trabalho, melhorando seu desempenho no exerc\u00edcio profissional e avaliando os riscos de&nbsp; iatrogenias.<\/p>\n\n\n\n<p>A Especializa\u00e7\u00e3o tem dura\u00e7\u00e3o de 04 meses com carga hor\u00e1ria de 380 h.<\/p>\n\n\n\n<p><\/p>\n\n\n\n<p>As visita(s) t\u00e9cnica(s) ou est\u00e1gio(s) supervisionado(s) s\u00e3o atividades presenciais.<\/p>\n\n\n<div class=\"wp-block-image\">\n<figure class=\"aligncenter size-full\"><img loading=\"lazy\" decoding=\"async\" width=\"511\" height=\"205\" src=\"https:\/\/escolaomega.net\/novosite\/wp-content\/uploads\/2022\/08\/enferdotrabalho3.jpg\" alt=\"\" class=\"wp-image-1545\" srcset=\"https:\/\/escolaomega.net\/novosite\/wp-content\/uploads\/2022\/08\/enferdotrabalho3.jpg 511w, https:\/\/escolaomega.net\/novosite\/wp-content\/uploads\/2022\/08\/enferdotrabalho3-300x120.jpg 300w\" sizes=\"auto, (max-width: 511px) 100vw, 511px\" \/><\/figure>\n<\/div>\n\n<div class=\"wp-block-image\">\n<figure class=\"aligncenter size-large is-resized\"><img loading=\"lazy\" decoding=\"async\" width=\"286\" height=\"250\" src=\"https:\/\/escolaomega.net\/novosite\/wp-content\/uploads\/2021\/01\/1531767796_metodologia-trabajo.png\" alt=\"\" class=\"wp-image-874\" style=\"width:179px;height:156px\"\/><\/figure>\n<\/div>\n\n\n<h2 class=\"wp-block-heading has-text-align-center\">Conte\u00fado Program\u00e1tico:<\/h2>\n\n\n\n<h5 class=\"wp-block-heading\"><\/h5>\n\n\n\n<figure class=\"wp-block-table\"><table><tbody><tr><td>1- DIRETRIZES POLITICAS, LEGISLA\u00c7\u00c3O DO TRABALHO E DO EXERC\u00cdCIO PROFISSIONAL.<\/td><\/tr><tr><td>2 \u2013 HIGIENE DO TRABALHO E SANEAMENTO DO MEIO<\/td><\/tr><tr><td>3 \u2013 EPIDEMIOLOGIA E ESTATISTICA APLICADA A SA\u00daDE DO TRABALHO<\/td><\/tr><tr><td>4 \u2013 CI\u00caNCIAS SOCIAIS E PSICOLOGIA DO TRABALHO<\/td><\/tr><tr><td>5 \u2013 FISIOLOGIA DO TRABALHO E ERGONOMIA<\/td><\/tr><tr><td>6 \u2013 SEGURAN\u00c7A DO TRABALHO<\/td><\/tr><tr><td>7 \u2013 DOEN\u00c7AS OCUPACIONAIS E TOXICOLOGIA DO TRABALHO<\/td><\/tr><tr><td>8 \u2013 ORGANIZA\u00c7\u00c3O DE SERVI\u00c7OS DE SA\u00daDE DO TRABALHO E \u00c9TICA PROFISSIONAL DE ENFERMAGEM<\/td><\/tr><tr><td>9 \u2013 ENFERMAGEM DO TRABALHO<\/td><\/tr><tr><td>10 \u2013 NO\u00c7\u00d5ES BASICAS DE MATEMATICA<\/td><\/tr><\/tbody><\/table><\/figure>\n\n\n\n<p>As visita(s) t\u00e9cnica(s) ou est\u00e1gio(s) supervisionado(s) s\u00e3o atividades presenciais.<\/p>\n\n\n\n<h4 class=\"wp-block-heading has-text-align-center\">P\u00fablico alvo: T\u00e9cnicos em Enfermagem.<\/h4>\n\n\n\n<hr class=\"wp-block-separator has-css-opacity\"\/>\n\n\n<div class=\"wp-block-image\">\n<figure class=\"aligncenter size-large is-resized\"><img loading=\"lazy\" decoding=\"async\" width=\"900\" height=\"506\" src=\"https:\/\/escolaomega.net\/novosite\/wp-content\/uploads\/2021\/01\/e679121e74f5c480ee6aee843110d72c.jpg\" alt=\"\" class=\"wp-image-900\" style=\"width:532px;height:299px\" srcset=\"https:\/\/escolaomega.net\/novosite\/wp-content\/uploads\/2021\/01\/e679121e74f5c480ee6aee843110d72c.jpg 900w, https:\/\/escolaomega.net\/novosite\/wp-content\/uploads\/2021\/01\/e679121e74f5c480ee6aee843110d72c-300x169.jpg 300w, https:\/\/escolaomega.net\/novosite\/wp-content\/uploads\/2021\/01\/e679121e74f5c480ee6aee843110d72c-768x432.jpg 768w\" sizes=\"auto, (max-width: 900px) 100vw, 900px\" \/><\/figure>\n<\/div>\n\n\n<hr class=\"wp-block-separator has-css-opacity\"\/>\n\n\n\n<h4 class=\"wp-block-heading has-text-align-center\">Matr\u00edculas Abertas !<\/h4>\n\n\n<div class=\"wp-block-image\">\n<figure class=\"aligncenter size-large is-resized\"><a href=\"https:\/\/www.asaas.com\/c\/707478183055\" target=\"_blank\" rel=\"noopener\"><img loading=\"lazy\" decoding=\"async\" width=\"1024\" height=\"538\" src=\"https:\/\/escolaomega.net\/novosite\/wp-content\/uploads\/2021\/06\/boleto-bancario-1024x538.png\" alt=\"\" class=\"wp-image-1112\" style=\"width:421px;height:221px\" srcset=\"https:\/\/escolaomega.net\/novosite\/wp-content\/uploads\/2021\/06\/boleto-bancario-1024x538.png 1024w, https:\/\/escolaomega.net\/novosite\/wp-content\/uploads\/2021\/06\/boleto-bancario-300x158.png 300w, https:\/\/escolaomega.net\/novosite\/wp-content\/uploads\/2021\/06\/boleto-bancario-768x403.png 768w, https:\/\/escolaomega.net\/novosite\/wp-content\/uploads\/2021\/06\/boleto-bancario.png 1200w\" sizes=\"auto, (max-width: 1024px) 100vw, 1024px\" \/><\/a><\/figure>\n<\/div>\n\n\n<h5 class=\"wp-block-heading has-text-align-center\"><a href=\"https:\/\/www.asaas.com\/c\/707478183055\" target=\"_blank\" rel=\"noreferrer noopener\">Clique aqui para imprimir o Boleto da Matr\u00edcula !<\/a><\/h5>\n","protected":false},"excerpt":{"rendered":"<p>CURSO ESPECIALIZA\u00c7\u00c3O EM ENFERMAGEM DO TRABALHO CURSO ESPECIALIZA\u00c7\u00c3O EM ENFERMAGEM DO TRABALHO VALOR: 1 + 3 de R$ 180,00 (Boleto ou Cart\u00e3o de Cr\u00e9dito) TOTAL: R$ 720,00 DURA\u00c7\u00c3O: 4 meses NOVAS TURMAS: 19\/07\/2025 HOR\u00c1RIO: S\u00c1BADO &#8211; TARDE (14:00 \u00e0s 16:30) PRESENCIAL ! CARGA HOR\u00c1RIA: 380 horas AS VISITA(S) T\u00c9CNICA(S) ou EST\u00c1GIO(S) s\u00e3o atividades presenciais ! [&hellip;]<\/p>\n","protected":false},"author":1,"featured_media":991,"parent":0,"menu_order":0,"comment_status":"closed","ping_status":"closed","template":"template\/template-page-full-width.php","meta":{"footnotes":""},"class_list":["post-1527","page","type-page","status-publish","has-post-thumbnail","hentry"],"_links":{"self":[{"href":"https:\/\/escolaomega.net\/novosite\/wp-json\/wp\/v2\/pages\/1527","targetHints":{"allow":["GET"]}}],"collection":[{"href":"https:\/\/escolaomega.net\/novosite\/wp-json\/wp\/v2\/pages"}],"about":[{"href":"https:\/\/escolaomega.net\/novosite\/wp-json\/wp\/v2\/types\/page"}],"author":[{"embeddable":true,"href":"https:\/\/escolaomega.net\/novosite\/wp-json\/wp\/v2\/users\/1"}],"replies":[{"embeddable":true,"href":"https:\/\/escolaomega.net\/novosite\/wp-json\/wp\/v2\/comments?post=1527"}],"version-history":[{"count":26,"href":"https:\/\/escolaomega.net\/novosite\/wp-json\/wp\/v2\/pages\/1527\/revisions"}],"predecessor-version":[{"id":1970,"href":"https:\/\/escolaomega.net\/novosite\/wp-json\/wp\/v2\/pages\/1527\/revisions\/1970"}],"wp:featuredmedia":[{"embeddable":true,"href":"https:\/\/escolaomega.net\/novosite\/wp-json\/wp\/v2\/media\/991"}],"wp:attachment":[{"href":"https:\/\/escolaomega.net\/novosite\/wp-json\/wp\/v2\/media?parent=1527"}],"curies":[{"name":"wp","href":"https:\/\/api.w.org\/{rel}","templated":true}]}}