{"id":273,"date":"2019-09-02T00:00:59","date_gmt":"2019-09-02T03:00:59","guid":{"rendered":"http:\/\/escolaomega.net\/novosite\/?page_id=273"},"modified":"2020-12-24T18:25:37","modified_gmt":"2020-12-24T21:25:37","slug":"cursos-de-especializacao","status":"publish","type":"page","link":"https:\/\/escolaomega.net\/novosite\/cursos-de-especializacao\/","title":{"rendered":"Cursos de Especializa\u00e7\u00e3o"},"content":{"rendered":"\n<p class=\"has-text-align-center\" style=\"font-size:18px\"><strong>Cursos Dispon\u00edveis<\/strong><\/p>\n\n\n<div class=\"wpforms-container wpforms-container-full\" id=\"wpforms-722\"><form id=\"wpforms-form-722\" class=\"wpforms-validate wpforms-form\" data-formid=\"722\" method=\"post\" enctype=\"multipart\/form-data\" action=\"\/novosite\/wp-json\/wp\/v2\/pages\/273\" data-token=\"9a42f92c5efd2c7f4776589f989f3913\" data-token-time=\"1777219075\"><noscript class=\"wpforms-error-noscript\">Ative o JavaScript no seu navegador para preencher este formul\u00e1rio.<\/noscript><div class=\"wpforms-field-container\"><div id=\"wpforms-722-field_26-container\" class=\"wpforms-field wpforms-field-radio\" data-field-id=\"26\"><label class=\"wpforms-field-label\">Curso  <span class=\"wpforms-required-label\">*<\/span><\/label><ul id=\"wpforms-722-field_26\" class=\"wpforms-field-required\"><li class=\"choice-12 depth-1\"><input type=\"radio\" id=\"wpforms-722-field_26_12\" name=\"wpforms[fields][26]\" value=\"ESPECIALIZA\u00c7\u00c3O EM ENFERMAGEM DO TRABALHO\" required ><label class=\"wpforms-field-label-inline\" for=\"wpforms-722-field_26_12\">ESPECIALIZA\u00c7\u00c3O EM ENFERMAGEM DO TRABALHO<\/label><\/li><li class=\"choice-13 depth-1\"><input type=\"radio\" id=\"wpforms-722-field_26_13\" name=\"wpforms[fields][26]\" value=\"ESPECIALIZA\u00c7\u00c3O EM URG\u00caNCIA E EMERG\u00caNCIA\" required ><label class=\"wpforms-field-label-inline\" for=\"wpforms-722-field_26_13\">ESPECIALIZA\u00c7\u00c3O EM URG\u00caNCIA E EMERG\u00caNCIA<\/label><\/li><\/ul><\/div><div id=\"wpforms-722-field_31-container\" class=\"wpforms-field wpforms-field-radio\" data-field-id=\"31\"><label class=\"wpforms-field-label\">Turno <span class=\"wpforms-required-label\">*<\/span><\/label><ul id=\"wpforms-722-field_31\" class=\"wpforms-field-required\"><li class=\"choice-12 depth-1\"><input type=\"radio\" id=\"wpforms-722-field_31_12\" name=\"wpforms[fields][31]\" value=\"S\u00e1bado\" required ><label class=\"wpforms-field-label-inline\" for=\"wpforms-722-field_31_12\">S\u00e1bado<\/label><\/li><\/ul><\/div><div id=\"wpforms-722-field_13-container\" class=\"wpforms-field wpforms-field-text\" data-field-id=\"13\"><label class=\"wpforms-field-label\" for=\"wpforms-722-field_13\">Nome <span class=\"wpforms-required-label\">*<\/span><\/label><input type=\"text\" id=\"wpforms-722-field_13\" class=\"wpforms-field-medium wpforms-field-required\" name=\"wpforms[fields][13]\" required><\/div><div id=\"wpforms-722-field_11-container\" class=\"wpforms-field wpforms-field-text\" data-field-id=\"11\"><label class=\"wpforms-field-label\" for=\"wpforms-722-field_11\">CPF <span class=\"wpforms-required-label\">*<\/span><\/label><input type=\"text\" id=\"wpforms-722-field_11\" class=\"wpforms-field-medium wpforms-field-required\" name=\"wpforms[fields][11]\" required><\/div><div id=\"wpforms-722-field_15-container\" class=\"wpforms-field wpforms-field-text\" data-field-id=\"15\"><label class=\"wpforms-field-label\" for=\"wpforms-722-field_15\">Telefone 1 <span class=\"wpforms-required-label\">*<\/span><\/label><input type=\"text\" id=\"wpforms-722-field_15\" class=\"wpforms-field-medium wpforms-field-required\" name=\"wpforms[fields][15]\" required><\/div><div id=\"wpforms-722-field_18-container\" class=\"wpforms-field wpforms-field-text\" data-field-id=\"18\"><label class=\"wpforms-field-label\" for=\"wpforms-722-field_18\">Whatspapp<\/label><input type=\"text\" id=\"wpforms-722-field_18\" class=\"wpforms-field-medium\" name=\"wpforms[fields][18]\" ><\/div><div id=\"wpforms-722-field_35-container\" class=\"wpforms-field wpforms-field-text\" data-field-id=\"35\"><label class=\"wpforms-field-label\" for=\"wpforms-722-field_35\">E-mail <span class=\"wpforms-required-label\">*<\/span><\/label><input type=\"text\" id=\"wpforms-722-field_35\" class=\"wpforms-field-medium wpforms-field-required\" name=\"wpforms[fields][35]\" required><\/div><div id=\"wpforms-722-field_2-container\" class=\"wpforms-field wpforms-field-textarea\" data-field-id=\"2\"><label class=\"wpforms-field-label\" for=\"wpforms-722-field_2\">Mensagem<\/label><textarea id=\"wpforms-722-field_2\" class=\"wpforms-field-large\" name=\"wpforms[fields][2]\" ><\/textarea><\/div><\/div><!-- .wpforms-field-container --><div class=\"wpforms-field wpforms-field-hp\"><label for=\"wpforms-722-field-hp\" class=\"wpforms-field-label\">Comment<\/label><input type=\"text\" name=\"wpforms[hp]\" id=\"wpforms-722-field-hp\" class=\"wpforms-field-medium\"><\/div><div class=\"wpforms-submit-container\" ><input type=\"hidden\" name=\"wpforms[id]\" value=\"722\"><input type=\"hidden\" name=\"page_title\" value=\"\"><input type=\"hidden\" name=\"page_url\" value=\"https:\/\/escolaomega.net\/novosite\/wp-json\/wp\/v2\/pages\/273\"><input type=\"hidden\" name=\"url_referer\" value=\"\"><button type=\"submit\" name=\"wpforms[submit]\" id=\"wpforms-submit-722\" class=\"wpforms-submit\" data-alt-text=\"Enviando...\" data-submit-text=\"Enviar\" aria-live=\"assertive\" value=\"wpforms-submit\">Enviar<\/button><\/div><\/form><\/div>  <!-- .wpforms-container -->\n","protected":false},"excerpt":{"rendered":"<p>Cursos Dispon\u00edveis<\/p>\n","protected":false},"author":1,"featured_media":96,"parent":0,"menu_order":0,"comment_status":"closed","ping_status":"closed","template":"","meta":{"footnotes":""},"class_list":["post-273","page","type-page","status-publish","has-post-thumbnail","hentry"],"_links":{"self":[{"href":"https:\/\/escolaomega.net\/novosite\/wp-json\/wp\/v2\/pages\/273","targetHints":{"allow":["GET"]}}],"collection":[{"href":"https:\/\/escolaomega.net\/novosite\/wp-json\/wp\/v2\/pages"}],"about":[{"href":"https:\/\/escolaomega.net\/novosite\/wp-json\/wp\/v2\/types\/page"}],"author":[{"embeddable":true,"href":"https:\/\/escolaomega.net\/novosite\/wp-json\/wp\/v2\/users\/1"}],"replies":[{"embeddable":true,"href":"https:\/\/escolaomega.net\/novosite\/wp-json\/wp\/v2\/comments?post=273"}],"version-history":[{"count":4,"href":"https:\/\/escolaomega.net\/novosite\/wp-json\/wp\/v2\/pages\/273\/revisions"}],"predecessor-version":[{"id":723,"href":"https:\/\/escolaomega.net\/novosite\/wp-json\/wp\/v2\/pages\/273\/revisions\/723"}],"wp:featuredmedia":[{"embeddable":true,"href":"https:\/\/escolaomega.net\/novosite\/wp-json\/wp\/v2\/media\/96"}],"wp:attachment":[{"href":"https:\/\/escolaomega.net\/novosite\/wp-json\/wp\/v2\/media?parent=273"}],"curies":[{"name":"wp","href":"https:\/\/api.w.org\/{rel}","templated":true}]}}