{"id":281,"date":"2019-09-02T00:03:12","date_gmt":"2019-09-02T03:03:12","guid":{"rendered":"http:\/\/escolaomega.net\/novosite\/?page_id=281"},"modified":"2020-12-24T18:29:26","modified_gmt":"2020-12-24T21:29:26","slug":"cursos-de-capacitacao","status":"publish","type":"page","link":"https:\/\/escolaomega.net\/novosite\/cursos-de-capacitacao\/","title":{"rendered":"Cursos de Capacita\u00e7\u00e3o"},"content":{"rendered":"\n<p class=\"has-text-align-center\" style=\"font-size:18px\"><strong>Cursos Dispon\u00edveis<\/strong><\/p>\n\n\n<div class=\"wpforms-container wpforms-container-full\" id=\"wpforms-724\"><form id=\"wpforms-form-724\" class=\"wpforms-validate wpforms-form\" data-formid=\"724\" method=\"post\" enctype=\"multipart\/form-data\" action=\"\/novosite\/wp-json\/wp\/v2\/pages\/281\" data-token=\"64e47d844d078cce4f54e6df23e9e6d6\" data-token-time=\"1777212984\"><noscript class=\"wpforms-error-noscript\">Ative o JavaScript no seu navegador para preencher este formul\u00e1rio.<\/noscript><div class=\"wpforms-field-container\"><div id=\"wpforms-724-field_26-container\" class=\"wpforms-field wpforms-field-radio\" data-field-id=\"26\"><label class=\"wpforms-field-label\">Curso  <span class=\"wpforms-required-label\">*<\/span><\/label><ul id=\"wpforms-724-field_26\" class=\"wpforms-field-required\"><li class=\"choice-17 depth-1\"><input type=\"radio\" id=\"wpforms-724-field_26_17\" name=\"wpforms[fields][26]\" value=\"CAPACITA\u00c7\u00c3O EM URG\u00caNCIA E EMERG\u00caNCIA E APH\" required ><label class=\"wpforms-field-label-inline\" for=\"wpforms-724-field_26_17\">CAPACITA\u00c7\u00c3O EM URG\u00caNCIA E EMERG\u00caNCIA E APH<\/label><\/li><li class=\"choice-18 depth-1\"><input type=\"radio\" id=\"wpforms-724-field_26_18\" name=\"wpforms[fields][26]\" value=\"CAPACITA\u00c7\u00c3O EM INSTRUMENTA\u00c7\u00c3O CIR\u00daRGICA\" required ><label class=\"wpforms-field-label-inline\" for=\"wpforms-724-field_26_18\">CAPACITA\u00c7\u00c3O EM INSTRUMENTA\u00c7\u00c3O CIR\u00daRGICA<\/label><\/li><li class=\"choice-19 depth-1\"><input type=\"radio\" id=\"wpforms-724-field_26_19\" name=\"wpforms[fields][26]\" value=\"CAPACITA\u00c7\u00c3O EM TERAPIA INTENSIVA\" required ><label class=\"wpforms-field-label-inline\" for=\"wpforms-724-field_26_19\">CAPACITA\u00c7\u00c3O EM TERAPIA INTENSIVA<\/label><\/li><\/ul><\/div><div id=\"wpforms-724-field_31-container\" class=\"wpforms-field wpforms-field-radio\" data-field-id=\"31\"><label class=\"wpforms-field-label\">Turno <span class=\"wpforms-required-label\">*<\/span><\/label><ul id=\"wpforms-724-field_31\" class=\"wpforms-field-required\"><li class=\"choice-12 depth-1\"><input type=\"radio\" id=\"wpforms-724-field_31_12\" name=\"wpforms[fields][31]\" value=\"S\u00e1bado\" required ><label class=\"wpforms-field-label-inline\" for=\"wpforms-724-field_31_12\">S\u00e1bado<\/label><\/li><\/ul><\/div><div id=\"wpforms-724-field_13-container\" class=\"wpforms-field wpforms-field-text\" data-field-id=\"13\"><label class=\"wpforms-field-label\" for=\"wpforms-724-field_13\">Nome <span class=\"wpforms-required-label\">*<\/span><\/label><input type=\"text\" id=\"wpforms-724-field_13\" class=\"wpforms-field-medium wpforms-field-required\" name=\"wpforms[fields][13]\" required><\/div><div id=\"wpforms-724-field_12-container\" class=\"wpforms-field wpforms-field-text\" data-field-id=\"12\"><label class=\"wpforms-field-label\" for=\"wpforms-724-field_12\">Endere\u00e7o <span class=\"wpforms-required-label\">*<\/span><\/label><input type=\"text\" id=\"wpforms-724-field_12\" class=\"wpforms-field-medium wpforms-field-required\" name=\"wpforms[fields][12]\" required><\/div><div id=\"wpforms-724-field_32-container\" class=\"wpforms-field wpforms-field-text\" data-field-id=\"32\"><label class=\"wpforms-field-label\" for=\"wpforms-724-field_32\">N\u00famero <span class=\"wpforms-required-label\">*<\/span><\/label><input type=\"text\" id=\"wpforms-724-field_32\" class=\"wpforms-field-medium wpforms-field-required\" name=\"wpforms[fields][32]\" required><\/div><div id=\"wpforms-724-field_33-container\" class=\"wpforms-field wpforms-field-text\" data-field-id=\"33\"><label class=\"wpforms-field-label\" for=\"wpforms-724-field_33\">Complemento<\/label><input type=\"text\" id=\"wpforms-724-field_33\" class=\"wpforms-field-medium\" name=\"wpforms[fields][33]\" ><\/div><div id=\"wpforms-724-field_34-container\" class=\"wpforms-field wpforms-field-text\" data-field-id=\"34\"><label class=\"wpforms-field-label\" for=\"wpforms-724-field_34\">CEP <span class=\"wpforms-required-label\">*<\/span><\/label><input type=\"text\" id=\"wpforms-724-field_34\" class=\"wpforms-field-medium wpforms-field-required\" name=\"wpforms[fields][34]\" required><\/div><div id=\"wpforms-724-field_11-container\" class=\"wpforms-field wpforms-field-text\" data-field-id=\"11\"><label class=\"wpforms-field-label\" for=\"wpforms-724-field_11\">CPF <span class=\"wpforms-required-label\">*<\/span><\/label><input type=\"text\" id=\"wpforms-724-field_11\" class=\"wpforms-field-medium wpforms-field-required\" name=\"wpforms[fields][11]\" required><\/div><div id=\"wpforms-724-field_3-container\" class=\"wpforms-field wpforms-field-text\" data-field-id=\"3\"><label class=\"wpforms-field-label\" for=\"wpforms-724-field_3\">RG <span class=\"wpforms-required-label\">*<\/span><\/label><input type=\"text\" id=\"wpforms-724-field_3\" class=\"wpforms-field-medium wpforms-field-required\" name=\"wpforms[fields][3]\" required><\/div><div id=\"wpforms-724-field_10-container\" class=\"wpforms-field wpforms-field-text\" data-field-id=\"10\"><label class=\"wpforms-field-label\" for=\"wpforms-724-field_10\">Nascimento <span class=\"wpforms-required-label\">*<\/span><\/label><input type=\"text\" id=\"wpforms-724-field_10\" class=\"wpforms-field-medium wpforms-field-required\" name=\"wpforms[fields][10]\" required><\/div><div id=\"wpforms-724-field_9-container\" class=\"wpforms-field wpforms-field-text\" data-field-id=\"9\"><label class=\"wpforms-field-label\" for=\"wpforms-724-field_9\">Estado <span class=\"wpforms-required-label\">*<\/span><\/label><input type=\"text\" id=\"wpforms-724-field_9\" class=\"wpforms-field-medium wpforms-field-required\" name=\"wpforms[fields][9]\" required><\/div><div id=\"wpforms-724-field_17-container\" class=\"wpforms-field wpforms-field-text\" data-field-id=\"17\"><label class=\"wpforms-field-label\" for=\"wpforms-724-field_17\">Cidade <span class=\"wpforms-required-label\">*<\/span><\/label><input type=\"text\" id=\"wpforms-724-field_17\" class=\"wpforms-field-medium wpforms-field-required\" name=\"wpforms[fields][17]\" required><\/div><div id=\"wpforms-724-field_16-container\" class=\"wpforms-field wpforms-field-text\" data-field-id=\"16\"><label class=\"wpforms-field-label\" for=\"wpforms-724-field_16\">Bairro <span class=\"wpforms-required-label\">*<\/span><\/label><input type=\"text\" id=\"wpforms-724-field_16\" class=\"wpforms-field-medium wpforms-field-required\" name=\"wpforms[fields][16]\" required><\/div><div id=\"wpforms-724-field_1-container\" class=\"wpforms-field wpforms-field-email\" data-field-id=\"1\"><label class=\"wpforms-field-label\" for=\"wpforms-724-field_1\">E-mail <span class=\"wpforms-required-label\">*<\/span><\/label><input type=\"email\" id=\"wpforms-724-field_1\" class=\"wpforms-field-medium wpforms-field-required\" name=\"wpforms[fields][1]\" spellcheck=\"false\" required><\/div><div id=\"wpforms-724-field_15-container\" class=\"wpforms-field wpforms-field-text\" data-field-id=\"15\"><label class=\"wpforms-field-label\" for=\"wpforms-724-field_15\">Telefone 1 <span class=\"wpforms-required-label\">*<\/span><\/label><input type=\"text\" id=\"wpforms-724-field_15\" class=\"wpforms-field-medium wpforms-field-required\" name=\"wpforms[fields][15]\" required><\/div><div id=\"wpforms-724-field_18-container\" class=\"wpforms-field wpforms-field-text\" data-field-id=\"18\"><label class=\"wpforms-field-label\" for=\"wpforms-724-field_18\">Telefone 2 <span class=\"wpforms-required-label\">*<\/span><\/label><input type=\"text\" id=\"wpforms-724-field_18\" class=\"wpforms-field-medium wpforms-field-required\" name=\"wpforms[fields][18]\" required><\/div><div id=\"wpforms-724-field_27-container\" class=\"wpforms-field wpforms-field-checkbox\" data-field-id=\"27\"><label class=\"wpforms-field-label\">Escolaridade <span class=\"wpforms-required-label\">*<\/span><\/label><ul id=\"wpforms-724-field_27\" class=\"wpforms-field-required\"><li class=\"choice-3 depth-1\"><input type=\"checkbox\" id=\"wpforms-724-field_27_3\" name=\"wpforms[fields][27][]\" value=\"Ensino Fundamental\" required ><label class=\"wpforms-field-label-inline\" for=\"wpforms-724-field_27_3\">Ensino Fundamental<\/label><\/li><li class=\"choice-1 depth-1\"><input type=\"checkbox\" id=\"wpforms-724-field_27_1\" name=\"wpforms[fields][27][]\" value=\"Ensino M\u00e9dio Completo\" required ><label class=\"wpforms-field-label-inline\" for=\"wpforms-724-field_27_1\">Ensino M\u00e9dio Completo<\/label><\/li><li class=\"choice-2 depth-1\"><input type=\"checkbox\" id=\"wpforms-724-field_27_2\" name=\"wpforms[fields][27][]\" value=\"Supletivo\" required ><label class=\"wpforms-field-label-inline\" for=\"wpforms-724-field_27_2\">Supletivo<\/label><\/li><\/ul><\/div><div id=\"wpforms-724-field_2-container\" class=\"wpforms-field wpforms-field-textarea\" data-field-id=\"2\"><label class=\"wpforms-field-label\" for=\"wpforms-724-field_2\">Mensagem <span class=\"wpforms-required-label\">*<\/span><\/label><textarea id=\"wpforms-724-field_2\" class=\"wpforms-field-large wpforms-field-required\" name=\"wpforms[fields][2]\" required><\/textarea><\/div><\/div><!-- .wpforms-field-container --><div class=\"wpforms-field wpforms-field-hp\"><label for=\"wpforms-724-field-hp\" class=\"wpforms-field-label\">Email<\/label><input type=\"text\" name=\"wpforms[hp]\" id=\"wpforms-724-field-hp\" class=\"wpforms-field-medium\"><\/div><div class=\"wpforms-submit-container\" ><input type=\"hidden\" name=\"wpforms[id]\" value=\"724\"><input type=\"hidden\" name=\"page_title\" value=\"\"><input type=\"hidden\" name=\"page_url\" value=\"https:\/\/escolaomega.net\/novosite\/wp-json\/wp\/v2\/pages\/281\"><input type=\"hidden\" name=\"url_referer\" value=\"\"><button type=\"submit\" name=\"wpforms[submit]\" id=\"wpforms-submit-724\" class=\"wpforms-submit\" data-alt-text=\"Enviando...\" data-submit-text=\"Enviar\" aria-live=\"assertive\" value=\"wpforms-submit\">Enviar<\/button><\/div><\/form><\/div>  <!-- .wpforms-container -->\n","protected":false},"excerpt":{"rendered":"<p>Cursos Dispon\u00edveis<\/p>\n","protected":false},"author":1,"featured_media":56,"parent":0,"menu_order":0,"comment_status":"closed","ping_status":"closed","template":"","meta":{"footnotes":""},"class_list":["post-281","page","type-page","status-publish","has-post-thumbnail","hentry"],"_links":{"self":[{"href":"https:\/\/escolaomega.net\/novosite\/wp-json\/wp\/v2\/pages\/281","targetHints":{"allow":["GET"]}}],"collection":[{"href":"https:\/\/escolaomega.net\/novosite\/wp-json\/wp\/v2\/pages"}],"about":[{"href":"https:\/\/escolaomega.net\/novosite\/wp-json\/wp\/v2\/types\/page"}],"author":[{"embeddable":true,"href":"https:\/\/escolaomega.net\/novosite\/wp-json\/wp\/v2\/users\/1"}],"replies":[{"embeddable":true,"href":"https:\/\/escolaomega.net\/novosite\/wp-json\/wp\/v2\/comments?post=281"}],"version-history":[{"count":4,"href":"https:\/\/escolaomega.net\/novosite\/wp-json\/wp\/v2\/pages\/281\/revisions"}],"predecessor-version":[{"id":725,"href":"https:\/\/escolaomega.net\/novosite\/wp-json\/wp\/v2\/pages\/281\/revisions\/725"}],"wp:featuredmedia":[{"embeddable":true,"href":"https:\/\/escolaomega.net\/novosite\/wp-json\/wp\/v2\/media\/56"}],"wp:attachment":[{"href":"https:\/\/escolaomega.net\/novosite\/wp-json\/wp\/v2\/media?parent=281"}],"curies":[{"name":"wp","href":"https:\/\/api.w.org\/{rel}","templated":true}]}}