{"id":285,"date":"2019-09-02T00:04:18","date_gmt":"2019-09-02T03:04:18","guid":{"rendered":"http:\/\/escolaomega.net\/novosite\/?page_id=285"},"modified":"2020-12-24T18:31:59","modified_gmt":"2020-12-24T21:31:59","slug":"curso-tecnico-em-seguranca-do-trabalho","status":"publish","type":"page","link":"https:\/\/escolaomega.net\/novosite\/curso-tecnico-em-seguranca-do-trabalho\/","title":{"rendered":"Curso T\u00e9cnico em Seguran\u00e7a do Trabalho"},"content":{"rendered":"\n<p class=\"has-text-align-center\" style=\"font-size:18px\"><strong>Ficha de Inscri\u00e7\u00e3o T\u00e9cnico em Seguran\u00e7a do Trabalho<\/strong><\/p>\n\n\n<div class=\"wpforms-container wpforms-container-full\" id=\"wpforms-726\"><form id=\"wpforms-form-726\" class=\"wpforms-validate wpforms-form\" data-formid=\"726\" method=\"post\" enctype=\"multipart\/form-data\" action=\"\/novosite\/wp-json\/wp\/v2\/pages\/285\" data-token=\"da627ff0da988bd139bbe715d9422920\" data-token-time=\"1777212993\"><noscript class=\"wpforms-error-noscript\">Ative o JavaScript no seu navegador para preencher este formul\u00e1rio.<\/noscript><div class=\"wpforms-field-container\"><div id=\"wpforms-726-field_26-container\" class=\"wpforms-field wpforms-field-radio\" data-field-id=\"26\"><label class=\"wpforms-field-label\">Curso T\u00e9cnico <span class=\"wpforms-required-label\">*<\/span><\/label><ul id=\"wpforms-726-field_26\" class=\"wpforms-field-required\"><li class=\"choice-1 depth-1\"><input type=\"radio\" id=\"wpforms-726-field_26_1\" name=\"wpforms[fields][26]\" value=\"T\u00c9CNICO EM SEGURAN\u00c7A DO TRABALHO\" required ><label class=\"wpforms-field-label-inline\" for=\"wpforms-726-field_26_1\">T\u00c9CNICO EM SEGURAN\u00c7A DO TRABALHO<\/label><\/li><\/ul><\/div><div id=\"wpforms-726-field_35-container\" class=\"wpforms-field wpforms-field-radio\" data-field-id=\"35\"><label class=\"wpforms-field-label\">Turno <span class=\"wpforms-required-label\">*<\/span><\/label><ul id=\"wpforms-726-field_35\" class=\"wpforms-field-required\"><li class=\"choice-3 depth-1\"><input type=\"radio\" id=\"wpforms-726-field_35_3\" name=\"wpforms[fields][35]\" value=\"Noite ( 19:00 as 21:50 )\" required ><label class=\"wpforms-field-label-inline\" for=\"wpforms-726-field_35_3\">Noite ( 19:00 as 21:50 )<\/label><\/li><\/ul><\/div><div id=\"wpforms-726-field_13-container\" class=\"wpforms-field wpforms-field-text\" data-field-id=\"13\"><label class=\"wpforms-field-label\" for=\"wpforms-726-field_13\">Nome <span class=\"wpforms-required-label\">*<\/span><\/label><input type=\"text\" id=\"wpforms-726-field_13\" class=\"wpforms-field-medium wpforms-field-required\" name=\"wpforms[fields][13]\" required><\/div><div id=\"wpforms-726-field_11-container\" class=\"wpforms-field wpforms-field-text\" data-field-id=\"11\"><label class=\"wpforms-field-label\" for=\"wpforms-726-field_11\">CPF <span class=\"wpforms-required-label\">*<\/span><\/label><input type=\"text\" id=\"wpforms-726-field_11\" class=\"wpforms-field-medium wpforms-field-required\" name=\"wpforms[fields][11]\" required><\/div><div id=\"wpforms-726-field_39-container\" class=\"wpforms-field wpforms-field-email\" data-field-id=\"39\"><label class=\"wpforms-field-label\" for=\"wpforms-726-field_39\">E-mail <span class=\"wpforms-required-label\">*<\/span><\/label><input type=\"email\" id=\"wpforms-726-field_39\" class=\"wpforms-field-medium wpforms-field-required\" name=\"wpforms[fields][39]\" spellcheck=\"false\" required><\/div><div id=\"wpforms-726-field_15-container\" class=\"wpforms-field wpforms-field-text\" data-field-id=\"15\"><label class=\"wpforms-field-label\" for=\"wpforms-726-field_15\">Telefone 1 <span class=\"wpforms-required-label\">*<\/span><\/label><input type=\"text\" id=\"wpforms-726-field_15\" class=\"wpforms-field-medium wpforms-field-required\" name=\"wpforms[fields][15]\" required><\/div><div id=\"wpforms-726-field_18-container\" class=\"wpforms-field wpforms-field-text\" data-field-id=\"18\"><label class=\"wpforms-field-label\" for=\"wpforms-726-field_18\">Whatspapp<\/label><input type=\"text\" id=\"wpforms-726-field_18\" class=\"wpforms-field-medium\" name=\"wpforms[fields][18]\" ><\/div><div id=\"wpforms-726-field_2-container\" class=\"wpforms-field wpforms-field-textarea\" data-field-id=\"2\"><label class=\"wpforms-field-label\" for=\"wpforms-726-field_2\">Mensagem<\/label><textarea id=\"wpforms-726-field_2\" class=\"wpforms-field-large\" name=\"wpforms[fields][2]\" ><\/textarea><\/div><\/div><!-- .wpforms-field-container --><div class=\"wpforms-field wpforms-field-hp\"><label for=\"wpforms-726-field-hp\" class=\"wpforms-field-label\">Comment<\/label><input type=\"text\" name=\"wpforms[hp]\" id=\"wpforms-726-field-hp\" class=\"wpforms-field-medium\"><\/div><div class=\"wpforms-submit-container\" ><input type=\"hidden\" name=\"wpforms[id]\" value=\"726\"><input type=\"hidden\" name=\"page_title\" value=\"\"><input type=\"hidden\" name=\"page_url\" value=\"https:\/\/escolaomega.net\/novosite\/wp-json\/wp\/v2\/pages\/285\"><input type=\"hidden\" name=\"url_referer\" value=\"\"><button type=\"submit\" name=\"wpforms[submit]\" id=\"wpforms-submit-726\" class=\"wpforms-submit\" data-alt-text=\"Enviando...\" data-submit-text=\"Enviar\" aria-live=\"assertive\" value=\"wpforms-submit\">Enviar<\/button><\/div><\/form><\/div>  <!-- .wpforms-container -->\n","protected":false},"excerpt":{"rendered":"<p>Ficha de Inscri\u00e7\u00e3o T\u00e9cnico em Seguran\u00e7a do Trabalho<\/p>\n","protected":false},"author":1,"featured_media":98,"parent":0,"menu_order":0,"comment_status":"closed","ping_status":"closed","template":"","meta":{"footnotes":""},"class_list":["post-285","page","type-page","status-publish","has-post-thumbnail","hentry"],"_links":{"self":[{"href":"https:\/\/escolaomega.net\/novosite\/wp-json\/wp\/v2\/pages\/285","targetHints":{"allow":["GET"]}}],"collection":[{"href":"https:\/\/escolaomega.net\/novosite\/wp-json\/wp\/v2\/pages"}],"about":[{"href":"https:\/\/escolaomega.net\/novosite\/wp-json\/wp\/v2\/types\/page"}],"author":[{"embeddable":true,"href":"https:\/\/escolaomega.net\/novosite\/wp-json\/wp\/v2\/users\/1"}],"replies":[{"embeddable":true,"href":"https:\/\/escolaomega.net\/novosite\/wp-json\/wp\/v2\/comments?post=285"}],"version-history":[{"count":3,"href":"https:\/\/escolaomega.net\/novosite\/wp-json\/wp\/v2\/pages\/285\/revisions"}],"predecessor-version":[{"id":727,"href":"https:\/\/escolaomega.net\/novosite\/wp-json\/wp\/v2\/pages\/285\/revisions\/727"}],"wp:featuredmedia":[{"embeddable":true,"href":"https:\/\/escolaomega.net\/novosite\/wp-json\/wp\/v2\/media\/98"}],"wp:attachment":[{"href":"https:\/\/escolaomega.net\/novosite\/wp-json\/wp\/v2\/media?parent=285"}],"curies":[{"name":"wp","href":"https:\/\/api.w.org\/{rel}","templated":true}]}}