{"id":861,"date":"2021-01-27T09:35:14","date_gmt":"2021-01-27T12:35:14","guid":{"rendered":"https:\/\/escolaomega.net\/novosite\/?page_id=861"},"modified":"2026-03-05T07:16:09","modified_gmt":"2026-03-05T10:16:09","slug":"curso-sala-de-vacina-2021","status":"publish","type":"page","link":"https:\/\/escolaomega.net\/novosite\/curso-sala-de-vacina-2021\/","title":{"rendered":"Curso Sala de Vacina 2026"},"content":{"rendered":"<div class=\"wp-block-image\">\n<figure class=\"aligncenter size-large is-resized\"><img loading=\"lazy\" decoding=\"async\" width=\"640\" height=\"360\" src=\"https:\/\/escolaomega.net\/novosite\/wp-content\/uploads\/2021\/01\/107322487_gettyimages-1027752634.jpg\" alt=\"\" class=\"wp-image-896\" style=\"width:542px;height:305px\" srcset=\"https:\/\/escolaomega.net\/novosite\/wp-content\/uploads\/2021\/01\/107322487_gettyimages-1027752634.jpg 640w, https:\/\/escolaomega.net\/novosite\/wp-content\/uploads\/2021\/01\/107322487_gettyimages-1027752634-300x169.jpg 300w\" sizes=\"auto, (max-width: 640px) 100vw, 640px\" \/><\/figure>\n<\/div>\n\n\n<h2 class=\"wp-block-heading has-text-align-center\">CURSO SALA DE VACINA<\/h2>\n\n\n\n<hr class=\"wp-block-separator has-css-opacity\"\/>\n\n\n\n<blockquote class=\"wp-block-quote is-layout-flow wp-block-quote-is-layout-flow\">\n<p><strong>INFORMA\u00c7\u00d5ES:<\/strong> <\/p>\n\n\n\n<p><\/p>\n\n\n\n<p>IN\u00cdCIO: 11 de Abril de 2026 <br><\/p>\n\n\n\n<p>HOR\u00c1RIO: S\u00e1bado (13:30 \u00e0s 17:00)<\/p>\n\n\n\n<p><\/p>\n\n\n\n<p><\/p>\n\n\n\n<p><\/p>\n\n\n\n<p>VALOR: 2x de R$ 160,00 (Pix ou <span style=\"font-size: revert; color: initial;\">Cart\u00e3o de Cr\u00e9dito)<\/span><\/p>\n\n\n\n<p><\/p>\n\n\n\n<p>CARGA HOR\u00c1RIA: 80 horas (Aulas Te\u00f3ricas + Est\u00e1gio no PSF)<\/p>\n\n\n\n<p>AULAS PRESENCIAIS !<\/p>\n\n\n\n<p>P\u00fablico-alvo: Alunos e Profissionais de Enfermagem<\/p>\n\n\n\n<p>CERTIFICADO NO FINAL DO CURSO<\/p>\n\n\n\n<p>Informa\u00e7\u00f5es:<br><\/p>\n\n\n\n<p>(83) 98868-1960 (Whatsapp)<\/p>\n<\/blockquote>\n\n\n<div class=\"wp-block-image\">\n<figure class=\"aligncenter size-large is-resized\"><img loading=\"lazy\" decoding=\"async\" width=\"693\" height=\"257\" src=\"https:\/\/escolaomega.net\/novosite\/wp-content\/uploads\/2021\/01\/sala-de-vacina_Prancheta-1.png\" alt=\"\" class=\"wp-image-892\" style=\"width:538px;height:199px\" srcset=\"https:\/\/escolaomega.net\/novosite\/wp-content\/uploads\/2021\/01\/sala-de-vacina_Prancheta-1.png 693w, https:\/\/escolaomega.net\/novosite\/wp-content\/uploads\/2021\/01\/sala-de-vacina_Prancheta-1-300x111.png 300w\" sizes=\"auto, (max-width: 693px) 100vw, 693px\" \/><\/figure>\n<\/div>\n\n\n<hr class=\"wp-block-separator has-css-opacity\"\/>\n\n\n<div class=\"wp-block-image\">\n<figure class=\"aligncenter size-large is-resized\"><img loading=\"lazy\" decoding=\"async\" width=\"900\" height=\"506\" src=\"https:\/\/escolaomega.net\/novosite\/wp-content\/uploads\/2021\/01\/e679121e74f5c480ee6aee843110d72c.jpg\" alt=\"\" class=\"wp-image-900\" style=\"width:532px;height:299px\" srcset=\"https:\/\/escolaomega.net\/novosite\/wp-content\/uploads\/2021\/01\/e679121e74f5c480ee6aee843110d72c.jpg 900w, https:\/\/escolaomega.net\/novosite\/wp-content\/uploads\/2021\/01\/e679121e74f5c480ee6aee843110d72c-300x169.jpg 300w, https:\/\/escolaomega.net\/novosite\/wp-content\/uploads\/2021\/01\/e679121e74f5c480ee6aee843110d72c-768x432.jpg 768w\" sizes=\"auto, (max-width: 900px) 100vw, 900px\" \/><\/figure>\n<\/div>\n\n\n<hr class=\"wp-block-separator has-css-opacity\"\/>\n\n\n\n<h4 class=\"wp-block-heading has-text-align-center\">PAGAMENTO:<\/h4>\n\n\n\n<figure class=\"wp-block-table aligncenter is-style-regular\"><table class=\"has-background\" style=\"background-color:#f3f4f5\"><tbody><tr><td class=\"has-text-align-center\" data-align=\"center\"><\/td><td class=\"has-text-align-center\" data-align=\"center\">VALOR<\/td><td class=\"has-text-align-center\" data-align=\"center\">TOTAL<\/td><td class=\"has-text-align-center\" data-align=\"center\">PAGAMENTO<\/td><\/tr><tr><td class=\"has-text-align-center\" data-align=\"center\">PIX ou CART\u00c3O DE CR\u00c9DITO<\/td><td class=\"has-text-align-center\" data-align=\"center\"><a href=\"https:\/\/www.asaas.com\/c\/3ow962oz4tnp5mft\" target=\"_blank\" rel=\"noreferrer noopener\">2x de R$ 160,00 &#8211; Clique aqui!<\/a><\/td><td class=\"has-text-align-center\" data-align=\"center\">R$ 320,00<\/td><td class=\"has-text-align-center\" data-align=\"center\"><a href=\"https:\/\/www.asaas.com\/c\/3ow962oz4tnp5mft\" data-type=\"link\" data-id=\"https:\/\/www.asaas.com\/c\/3ow962oz4tnp5mft\" target=\"_blank\" rel=\"noreferrer noopener\"><strong><mark style=\"background-color:rgba(0, 0, 0, 0)\" class=\"has-inline-color has-vivid-cyan-blue-color\">PAGAR<\/mark><\/strong><\/a><\/td><\/tr><\/tbody><\/table><\/figure>\n\n\n\n<hr class=\"wp-block-separator has-css-opacity\"\/>\n\n\n<div class=\"wp-block-image\">\n<figure class=\"aligncenter size-large is-resized\"><img loading=\"lazy\" decoding=\"async\" width=\"624\" height=\"351\" src=\"https:\/\/escolaomega.net\/novosite\/wp-content\/uploads\/2021\/01\/bbc_brasil_vacinacao_f5.jpg\" alt=\"\" class=\"wp-image-887\" style=\"width:193px;height:108px\" srcset=\"https:\/\/escolaomega.net\/novosite\/wp-content\/uploads\/2021\/01\/bbc_brasil_vacinacao_f5.jpg 624w, https:\/\/escolaomega.net\/novosite\/wp-content\/uploads\/2021\/01\/bbc_brasil_vacinacao_f5-300x169.jpg 300w\" sizes=\"auto, (max-width: 624px) 100vw, 624px\" \/><\/figure>\n<\/div>\n\n\n<h4 class=\"wp-block-heading has-text-align-center\"><\/h4>\n\n\n\n<p><\/p>\n","protected":false},"excerpt":{"rendered":"<p>CURSO SALA DE VACINA INFORMA\u00c7\u00d5ES: IN\u00cdCIO: 11 de Abril de 2026 HOR\u00c1RIO: S\u00e1bado (13:30 \u00e0s 17:00) VALOR: 2x de R$ 160,00 (Pix ou Cart\u00e3o de Cr\u00e9dito) CARGA HOR\u00c1RIA: 80 horas (Aulas Te\u00f3ricas + Est\u00e1gio no PSF) AULAS PRESENCIAIS ! P\u00fablico-alvo: Alunos e Profissionais de Enfermagem CERTIFICADO NO FINAL DO CURSO Informa\u00e7\u00f5es: (83) 98868-1960 (Whatsapp) PAGAMENTO: [&hellip;]<\/p>\n","protected":false},"author":1,"featured_media":863,"parent":0,"menu_order":0,"comment_status":"closed","ping_status":"closed","template":"template\/template-page-full-width.php","meta":{"footnotes":""},"class_list":["post-861","page","type-page","status-publish","has-post-thumbnail","hentry"],"_links":{"self":[{"href":"https:\/\/escolaomega.net\/novosite\/wp-json\/wp\/v2\/pages\/861","targetHints":{"allow":["GET"]}}],"collection":[{"href":"https:\/\/escolaomega.net\/novosite\/wp-json\/wp\/v2\/pages"}],"about":[{"href":"https:\/\/escolaomega.net\/novosite\/wp-json\/wp\/v2\/types\/page"}],"author":[{"embeddable":true,"href":"https:\/\/escolaomega.net\/novosite\/wp-json\/wp\/v2\/users\/1"}],"replies":[{"embeddable":true,"href":"https:\/\/escolaomega.net\/novosite\/wp-json\/wp\/v2\/comments?post=861"}],"version-history":[{"count":113,"href":"https:\/\/escolaomega.net\/novosite\/wp-json\/wp\/v2\/pages\/861\/revisions"}],"predecessor-version":[{"id":2045,"href":"https:\/\/escolaomega.net\/novosite\/wp-json\/wp\/v2\/pages\/861\/revisions\/2045"}],"wp:featuredmedia":[{"embeddable":true,"href":"https:\/\/escolaomega.net\/novosite\/wp-json\/wp\/v2\/media\/863"}],"wp:attachment":[{"href":"https:\/\/escolaomega.net\/novosite\/wp-json\/wp\/v2\/media?parent=861"}],"curies":[{"name":"wp","href":"https:\/\/api.w.org\/{rel}","templated":true}]}}