{"id":980,"date":"2021-03-10T20:40:13","date_gmt":"2021-03-10T23:40:13","guid":{"rendered":"https:\/\/escolaomega.net\/novosite\/?page_id=980"},"modified":"2025-11-30T18:11:54","modified_gmt":"2025-11-30T21:11:54","slug":"curso-feridas-e-curativos-2021","status":"publish","type":"page","link":"https:\/\/escolaomega.net\/novosite\/curso-feridas-e-curativos-2021\/","title":{"rendered":"Curso Feridas e Curativos 2025"},"content":{"rendered":"<div class=\"wp-block-image\">\n<figure class=\"aligncenter size-large is-resized\"><img loading=\"lazy\" decoding=\"async\" width=\"800\" height=\"581\" src=\"https:\/\/escolaomega.net\/novosite\/wp-content\/uploads\/2021\/03\/csm_HydroactiveB_abnehmen_s_efc599bb46-1.jpg\" alt=\"\" class=\"wp-image-994\" style=\"width:530px;height:385px\" srcset=\"https:\/\/escolaomega.net\/novosite\/wp-content\/uploads\/2021\/03\/csm_HydroactiveB_abnehmen_s_efc599bb46-1.jpg 800w, https:\/\/escolaomega.net\/novosite\/wp-content\/uploads\/2021\/03\/csm_HydroactiveB_abnehmen_s_efc599bb46-1-300x218.jpg 300w, https:\/\/escolaomega.net\/novosite\/wp-content\/uploads\/2021\/03\/csm_HydroactiveB_abnehmen_s_efc599bb46-1-768x558.jpg 768w\" sizes=\"auto, (max-width: 800px) 100vw, 800px\" \/><\/figure>\n<\/div>\n\n\n<h2 class=\"wp-block-heading has-text-align-center\">CURSO FERIDAS E CURATIVOS<\/h2>\n\n\n\n<hr class=\"wp-block-separator has-css-opacity\"\/>\n\n\n<div class=\"wp-block-image\">\n<figure class=\"aligncenter size-full is-resized\"><img loading=\"lazy\" decoding=\"async\" width=\"576\" height=\"562\" src=\"https:\/\/escolaomega.net\/novosite\/wp-content\/uploads\/2025\/11\/bannerferidas-1.jpg\" alt=\"\" class=\"wp-image-2028\" style=\"width:501px;height:auto\" srcset=\"https:\/\/escolaomega.net\/novosite\/wp-content\/uploads\/2025\/11\/bannerferidas-1.jpg 576w, https:\/\/escolaomega.net\/novosite\/wp-content\/uploads\/2025\/11\/bannerferidas-1-300x293.jpg 300w\" sizes=\"auto, (max-width: 576px) 100vw, 576px\" \/><\/figure>\n<\/div>\n\n\n<blockquote class=\"wp-block-quote is-layout-flow wp-block-quote-is-layout-flow\">\n<p><strong>CURSO FERIDAS E CURATIVOS &#8211; PRESENCIAL<\/strong><\/p>\n\n\n\n<p><\/p>\n\n\n\n<p>IN\u00cdCIO: 02 de Dezembro de 2025<\/p>\n\n\n\n<p><\/p>\n\n\n\n<p>HOR\u00c1RIO: Ter\u00e7a-feira &#8211; 15:00 as 17:00<\/p>\n\n\n\n<p><\/p>\n\n\n\n<p><\/p>\n\n\n\n<p>VALOR: 2x de R$ 140,00 (Boleto ou Cart\u00e3o de Cr\u00e9dito)<\/p>\n\n\n\n<p><\/p>\n\n\n\n<p>CARGA HOR\u00c1RIA: 80 horas <\/p>\n\n\n\n<p>AULAS PRESENCIAIS + EST\u00c1GIO !<\/p>\n\n\n\n<p>CERTIFICADO NO FINAL DO CURSO<\/p>\n\n\n\n<p>Informa\u00e7\u00f5es:<br>(83) 98868-1960 (Whatsapp)<\/p>\n<\/blockquote>\n\n\n<div class=\"wp-block-image\">\n<figure class=\"aligncenter\"><img decoding=\"async\" src=\"https:\/\/www.uninassau.edu.br\/sites\/mauriciodenassau.edu.br\/files\/fields\/imagemLateral\/noticias\/2018\/10\/curso-feridas-curativos.jpg\" alt=\"\"\/><\/figure>\n<\/div>\n\n\n<hr class=\"wp-block-separator has-css-opacity\"\/>\n\n\n<div class=\"wp-block-image\">\n<figure class=\"aligncenter size-large is-resized\"><img loading=\"lazy\" decoding=\"async\" width=\"992\" height=\"493\" src=\"https:\/\/escolaomega.net\/novosite\/wp-content\/uploads\/2021\/03\/image.png\" alt=\"\" class=\"wp-image-987\" style=\"width:525px;height:261px\" srcset=\"https:\/\/escolaomega.net\/novosite\/wp-content\/uploads\/2021\/03\/image.png 992w, https:\/\/escolaomega.net\/novosite\/wp-content\/uploads\/2021\/03\/image-300x149.png 300w, https:\/\/escolaomega.net\/novosite\/wp-content\/uploads\/2021\/03\/image-768x382.png 768w\" sizes=\"auto, (max-width: 992px) 100vw, 992px\" \/><\/figure>\n<\/div>\n\n<div class=\"wp-block-image\">\n<figure class=\"aligncenter size-large is-resized\"><img loading=\"lazy\" decoding=\"async\" width=\"286\" height=\"250\" src=\"https:\/\/escolaomega.net\/novosite\/wp-content\/uploads\/2021\/01\/1531767796_metodologia-trabajo.png\" alt=\"\" class=\"wp-image-874\" style=\"width:179px;height:156px\"\/><\/figure>\n<\/div>\n\n\n<h4 class=\"wp-block-heading has-text-align-center\">P\u00fablico alvo: Acad\u00eamicos, Profissionais de Sa\u00fade e T\u00e9cnicos de Sa\u00fade.<\/h4>\n\n\n\n<hr class=\"wp-block-separator has-css-opacity\"\/>\n\n\n<div class=\"wp-block-image\">\n<figure class=\"aligncenter size-large is-resized\"><img loading=\"lazy\" decoding=\"async\" width=\"900\" height=\"506\" src=\"https:\/\/escolaomega.net\/novosite\/wp-content\/uploads\/2021\/01\/e679121e74f5c480ee6aee843110d72c.jpg\" alt=\"\" class=\"wp-image-900\" style=\"width:532px;height:299px\" srcset=\"https:\/\/escolaomega.net\/novosite\/wp-content\/uploads\/2021\/01\/e679121e74f5c480ee6aee843110d72c.jpg 900w, https:\/\/escolaomega.net\/novosite\/wp-content\/uploads\/2021\/01\/e679121e74f5c480ee6aee843110d72c-300x169.jpg 300w, https:\/\/escolaomega.net\/novosite\/wp-content\/uploads\/2021\/01\/e679121e74f5c480ee6aee843110d72c-768x432.jpg 768w\" sizes=\"auto, (max-width: 900px) 100vw, 900px\" \/><\/figure>\n<\/div>\n\n\n<hr class=\"wp-block-separator has-css-opacity\"\/>\n\n\n\n<h4 class=\"wp-block-heading has-text-align-center\">OP\u00c7\u00d5ES DE PAGAMENTO:<\/h4>\n\n\n\n<figure class=\"wp-block-table aligncenter is-style-regular\"><table class=\"has-background\" style=\"background-color:#f3f4f5\"><tbody><tr><td class=\"has-text-align-center\" data-align=\"center\">PAGAMENTO PARCELADO <\/td><td class=\"has-text-align-center\" data-align=\"center\">VALOR<\/td><td class=\"has-text-align-center\" data-align=\"center\">TOTAL<\/td><td><\/td><\/tr><tr><td class=\"has-text-align-center\" data-align=\"center\">BOLETO<\/td><td class=\"has-text-align-center\" data-align=\"center\"><a href=\"https:\/\/www.asaas.com\/c\/mtg002uzeyp486ta\" target=\"_blank\" rel=\"noreferrer noopener\">2x de R$ 140,00  &#8211;  Clique aqui!<\/a><\/td><td class=\"has-text-align-center\" data-align=\"center\">R$ 280,00<\/td><td><a href=\"https:\/\/www.asaas.com\/c\/mtg002uzeyp486ta\" target=\"_blank\" rel=\"noreferrer noopener\"><strong>PAGAMENTO<\/strong><\/a><\/td><\/tr><\/tbody><\/table><\/figure>\n\n\n\n<hr class=\"wp-block-separator has-css-opacity\"\/>\n\n\n\n<figure class=\"wp-block-table aligncenter\"><table class=\"has-background\" style=\"background-color:#e7f5fe\"><tbody><tr><td class=\"has-text-align-center\" data-align=\"center\">PAGAMENTO PARCELADO<\/td><td class=\"has-text-align-center\" data-align=\"center\">VALOR<\/td><td class=\"has-text-align-center\" data-align=\"center\">TOTAL<\/td><td><\/td><\/tr><tr><td class=\"has-text-align-center\" data-align=\"center\">CART\u00c3O DE CR\u00c9DITO<\/td><td class=\"has-text-align-center\" data-align=\"center\"><a href=\"https:\/\/www.asaas.com\/c\/mtg002uzeyp486ta\" target=\"_blank\" rel=\"noreferrer noopener\">2x de R$ 140,00 &#8211; Clique aqui !<\/a><\/td><td class=\"has-text-align-center\" data-align=\"center\">R$ 280,00<\/td><td><a href=\"https:\/\/www.asaas.com\/c\/mtg002uzeyp486ta\" target=\"_blank\" rel=\"noreferrer noopener\"><strong>PAGAMENTO<\/strong><\/a><\/td><\/tr><\/tbody><\/table><\/figure>\n\n\n\n<hr class=\"wp-block-separator has-css-opacity\"\/>\n\n\n\n<h4 class=\"wp-block-heading has-text-align-center\"><\/h4>\n","protected":false},"excerpt":{"rendered":"<p>CURSO FERIDAS E CURATIVOS CURSO FERIDAS E CURATIVOS &#8211; PRESENCIAL IN\u00cdCIO: 02 de Dezembro de 2025 HOR\u00c1RIO: Ter\u00e7a-feira &#8211; 15:00 as 17:00 VALOR: 2x de R$ 140,00 (Boleto ou Cart\u00e3o de Cr\u00e9dito) CARGA HOR\u00c1RIA: 80 horas AULAS PRESENCIAIS + EST\u00c1GIO ! CERTIFICADO NO FINAL DO CURSO Informa\u00e7\u00f5es:(83) 98868-1960 (Whatsapp) P\u00fablico alvo: Acad\u00eamicos, Profissionais de Sa\u00fade [&hellip;]<\/p>\n","protected":false},"author":1,"featured_media":991,"parent":0,"menu_order":0,"comment_status":"closed","ping_status":"closed","template":"template\/template-page-full-width.php","meta":{"footnotes":""},"class_list":["post-980","page","type-page","status-publish","has-post-thumbnail","hentry"],"_links":{"self":[{"href":"https:\/\/escolaomega.net\/novosite\/wp-json\/wp\/v2\/pages\/980","targetHints":{"allow":["GET"]}}],"collection":[{"href":"https:\/\/escolaomega.net\/novosite\/wp-json\/wp\/v2\/pages"}],"about":[{"href":"https:\/\/escolaomega.net\/novosite\/wp-json\/wp\/v2\/types\/page"}],"author":[{"embeddable":true,"href":"https:\/\/escolaomega.net\/novosite\/wp-json\/wp\/v2\/users\/1"}],"replies":[{"embeddable":true,"href":"https:\/\/escolaomega.net\/novosite\/wp-json\/wp\/v2\/comments?post=980"}],"version-history":[{"count":45,"href":"https:\/\/escolaomega.net\/novosite\/wp-json\/wp\/v2\/pages\/980\/revisions"}],"predecessor-version":[{"id":2030,"href":"https:\/\/escolaomega.net\/novosite\/wp-json\/wp\/v2\/pages\/980\/revisions\/2030"}],"wp:featuredmedia":[{"embeddable":true,"href":"https:\/\/escolaomega.net\/novosite\/wp-json\/wp\/v2\/media\/991"}],"wp:attachment":[{"href":"https:\/\/escolaomega.net\/novosite\/wp-json\/wp\/v2\/media?parent=980"}],"curies":[{"name":"wp","href":"https:\/\/api.w.org\/{rel}","templated":true}]}}